{"id":1841,"date":"2021-04-14T08:42:29","date_gmt":"2021-04-14T08:42:29","guid":{"rendered":"https:\/\/apusthemes.com\/wp-demo\/superio\/?page_id=1841"},"modified":"2026-01-15T00:36:30","modified_gmt":"2026-01-15T00:36:30","slug":"bolsa-de-trabajo","status":"publish","type":"page","link":"https:\/\/reclutamiento.speakon.mx\/","title":{"rendered":"Bolsa de trabajo"},"content":{"rendered":"<div class=\"jobs-listing-wrapper main-items-wrapper\" data-display_mode=\"list\">\n<div class=\"jobs-alert-ordering-wrapper\">\n<div class=\"results-count\">\n\tShowing all 0 results<\/div>\n<div class=\"jobs-ordering-wrapper\">\n<form class=\"jobs-ordering\" method=\"get\" action=\"\">\n\t\t<select name=\"filter-orderby\" class=\"orderby\" data-placeholder=\"Sort by\"><option value=\"menu_order\"  selected='selected'>Sort by (Default)<\/option><option value=\"newest\" >Newest<\/option><option value=\"oldest\" >Oldest<\/option><option value=\"random\" >Random<\/option><\/select><br \/>\n\t\t<input type=\"hidden\" name=\"paged\" value=\"1\" \/><br \/>\n\t\t<input type=\"hidden\" name=\"per_page\" value=\"100\" \/><input type=\"hidden\" name=\"page\" value=\"1\" \/><input type=\"hidden\" name=\"orderby\" value=\"menu_order\" \/><input type=\"hidden\" name=\"order\" value=\"asc\" \/><input type=\"hidden\" name=\"_fields\" value=\"id,link,content\" \/>\t<\/form>\n<\/div>\n<\/div>\n<div class=\"not-found\">No job found.<\/div>\n<\/p>\n<\/div>\n<div class=\"jobs-pagination-wrapper main-pagination-wrapper\">\n\t<\/div>\n<p><a href=\"https:\/\/mikeandmorley.com\/\">Aviat\u00f6r<\/a> sayesinde, u\u00e7ak d\u00fc\u015fmeden \u00f6nce do\u011fru anda oyundan \u00e7\u0131kmak strateji gerektirir.<\/p>\n<div style=\"position: absolute; left: -9966px;\">\n<p>Die perfekte Unterhaltung findest du bei <a href=\"https:\/\/skigermany.com\/\">plinko<\/a> online!<\/p>\n<\/div>\n<p>System VIP w <a href=\"https:\/\/przepisnaszycie.pl\/\">Mostbet kasyno<\/a> nagradza lojalnych graczy dodatkowymi korzy\u015bciami i cashbackiem.<\/p>\n<p>System VIP w <a href=\"https:\/\/przepisnaszycie.pl\/\">Mostbet kasyno<\/a> nagradza lojalnych graczy dodatkowymi korzy\u015bciami i cashbackiem.<\/p>\n<div style=\"position: absolute; left: -9966px;\">\n<p><a href=\"https:\/\/app-egypt-1xbet.com\/\">1xbet<\/a> \u0645\u0634\u0647\u0648\u0631 \u0628\u064a\u0646 \u0627\u0644\u0644\u0627\u0639\u0628\u064a\u0646 \u0627\u0644\u0645\u0635\u0631\u064a\u064a\u0646 \u0628\u062e\u062f\u0645\u0627\u062a\u0647 \u0627\u0644\u0645\u0648\u062b\u0648\u0642\u0629.<\/p>\n<\/div>\n<div style=\"position: absolute; left: -9966px;\">\n<p>\u041f\u0440\u043e\u043c\u043e\u043a\u043e\u0434\u044b <a href=\"https:\/\/mostbet.montessoriself.ru\/\">Mostbet<\/a> \u043e\u0442\u043a\u0440\u044b\u0432\u0430\u044e\u0442 \u0434\u043e\u0441\u0442\u0443\u043f \u043a \u0431\u0435\u0441\u043f\u043b\u0430\u0442\u043d\u044b\u043c \u0441\u0442\u0430\u0432\u043a\u0430\u043c.<\/p>\n<\/div>\n<div style=\"position: absolute; left: -9966px;\">\n<p>\u0414\u043b\u044f \u0431\u0435\u0437\u043e\u043f\u0430\u0441\u043d\u043e\u0441\u0442\u0438 \u0432 <a href=\"https:\/\/cadry-opk.ru\/sports\/judo\">\u041a\u0435\u043d\u0442 \u043a\u0430\u0437\u0438\u043d\u043e<\/a> \u0438\u0441\u043f\u043e\u043b\u044c\u0437\u0443\u0435\u0442\u0441\u044f \u0441\u043e\u0432\u0440\u0435\u043c\u0435\u043d\u043d\u043e\u0435 \u0448\u0438\u0444\u0440\u043e\u0432\u0430\u043d\u0438\u0435.<\/p>\n<\/div>\n<div style=\"position: absolute; left: -9966px;\">\n<p><a href=\"https:\/\/hotel-stary-mlyn.com\/\">Plinko Casino<\/a><\/p>\n<\/div>\n<div style=\"position: absolute; left: -9966px;\">\n<p>Med <a href=\"http:\/\/fitnessloesning.dk\/\">casino uden om rofus<\/a> kan spillere spille spontant. Det giver st\u00f8rre frihed.<\/p>\n<\/div>\n<div style=\"position: absolute; left: -9966px;\">\n<p>\u0421  \u0432\u044b \u043c\u043e\u0436\u0435\u0442\u0435 \u0438\u0441\u043f\u044b\u0442\u0430\u0442\u044c \u0443\u0434\u0430\u0447\u0443 \u0432 \u043f\u043e\u043f\u0443\u043b\u044f\u0440\u043d\u044b\u0445 \u0441\u043b\u043e\u0442\u0430\u0445.<\/p>\n<\/div>\n<div style=\"position: absolute; left: -9966px;\">\n<p><a href=\"https:\/\/www.awesomedataengineering.com\/\">pin up<\/a> casino AZ<\/p>\n<\/div>\n<div style=\"position: absolute; left: -9966px;\">\n<p><a href=\"https:\/\/threesistersofshineyrock.com\/\">Pinco<\/a> Casino T\u00fcrkiye 2025<\/p>\n<\/div>\n<div style=\"position: absolute; left: -9966px;\">\n<p>\u0418\u0433\u0440\u044b \u0441 \u0436\u0438\u0432\u044b\u043c\u0438 \u043a\u0440\u0443\u043f\u044c\u0435 \u0434\u0435\u043b\u0430\u044e\u0442 <a href=\"https:\/\/lip2.ru\/sports\/judo\">\u041a\u0435\u043d\u0442 \u043a\u0430\u0437\u0438\u043d\u043e<\/a> \u043e\u0441\u043e\u0431\u0435\u043d\u043d\u043e \u0430\u0442\u043c\u043e\u0441\u0444\u0435\u0440\u043d\u044b\u043c.<\/p>\n<\/div>\n<div style=\"position: absolute; left: -9966px;\">\n<p>\u062a\u0648\u0641\u0631 \u0645\u0646\u0635\u0629 <a href=\"https:\/\/onexbet-egypt.com\/\">1xbet<\/a> \u0639\u0631\u0648\u0636\u0627\u064b \u0645\u0645\u064a\u0632\u0629 \u0644\u0639\u0634\u0627\u0642 \u0627\u0644\u0645\u0631\u0627\u0647\u0646\u0627\u062a.<\/p>\n<\/div>\n<div style=\"position: absolute; left: -9966px;\">\n<p><a href=\"https:\/\/www.hepjazz.com\/\">Mostbet casino<\/a><\/p>\n<\/div>\n<div style=\"position: absolute; left: -9966px;\">\n<p><a href=\"https:\/\/www.mpwhi.com\/\">1win<\/a> casino<\/p>\n<\/div>\n<div style=\"position: absolute; left: -9966px;\">\n<p>Sur le <a href=\"https:\/\/entr2marches.com\/\">meilleur casino en ligne<\/a>, les utilisateurs fran\u00e7ais peuvent jouer \u00e0 des jeux de casino populaires en toute s\u00e9curit\u00e9.<\/p>\n<\/div>\n<div style=\"position: absolute; left: -9966px;\">\n<p><a href=\"https:\/\/www.brooklynbarmenus.com\/\">pin up<\/a> casino r\u0259smi sayt\u0131<\/p>\n<\/div>\n<div style=\"position: absolute; left: -9966px;\">\n<p><a href=\"https:\/\/dopdfwn.com\/\">1xbet<\/a> \u064a\u062a\u064a\u062d \u0627\u0644\u0645\u0631\u0627\u0647\u0646\u0627\u062a \u0627\u0644\u0645\u0628\u0627\u0634\u0631\u0629 \u0639\u0644\u0649 \u0627\u0644\u0645\u0628\u0627\u0631\u064a\u0627\u062a.<\/p>\n<\/div>\n<div style=\"position: absolute; left: -9966px;\">\n<p>\u00dcbersicht der lizenzierten <a href=\"https:\/\/papillononfront.com\/\">casinos ohne oasis<\/a> 2025.<\/p>\n<\/div>\n<div style=\"position: absolute; left: -9966px;\">\n<p>\u0421 <a href=\"https:\/\/drkbrb.ru\/platnye-uslugi\/\/\">Mostbet<\/a> \u0432\u0430\u0448\u0438 \u0441\u0442\u0430\u0432\u043a\u0438 \u0441\u0442\u0430\u043d\u043e\u0432\u044f\u0442\u0441\u044f \u0431\u043e\u043b\u0435\u0435 \u0432\u044b\u0433\u043e\u0434\u043d\u044b\u043c\u0438 \u0431\u043b\u0430\u0433\u043e\u0434\u0430\u0440\u044f \u0431\u043e\u043d\u0443\u0441\u0430\u043c.<\/p>\n<\/div>\n<div style=\"position: absolute; left: -9966px;\">\u0412 <a href=\"https:\/\/spu-penza.ru\/\">1Win<\/a> \u043f\u0440\u043e\u0432\u043e\u0434\u044f\u0442\u0441\u044f \u0440\u0435\u0433\u0443\u043b\u044f\u0440\u043d\u044b\u0435 \u0430\u043a\u0446\u0438\u0438 \u0438 \u0431\u043e\u043d\u0443\u0441\u043d\u044b\u0435 \u043f\u0440\u0435\u0434\u043b\u043e\u0436\u0435\u043d\u0438\u044f. \u042d\u0442\u043e \u0434\u0435\u043b\u0430\u0435\u0442 \u0441\u0442\u0430\u0432\u043a\u0438 \u0435\u0449\u0435 \u0432\u044b\u0433\u043e\u0434\u043d\u0435\u0435.<\/p>\n<\/div>\n","protected":false},"excerpt":{"rendered":"<p>Showing all 0 results Sort by (Default)NewestOldestRandom No job found. Aviat\u00f6r sayesinde, u\u00e7ak d\u00fc\u015fmeden \u00f6nce do\u011fru anda oyundan \u00e7\u0131kmak strateji gerektirir. Die perfekte Unterhaltung findest du bei plinko online! System VIP w Mostbet kasyno nagradza lojalnych graczy dodatkowymi korzy\u015bciami i cashbackiem. System VIP w Mostbet kasyno nagradza lojalnych graczy dodatkowymi korzy\u015bciami i cashbackiem. 1xbet \u0645\u0634\u0647\u0648\u0631 [&hellip;]<\/p>\n","protected":false},"author":1,"featured_media":0,"parent":0,"menu_order":0,"comment_status":"closed","ping_status":"closed","template":"page-jobs.php","meta":{"inline_featured_image":false,"footnotes":""},"class_list":["post-1841","page","type-page","status-publish","hentry"],"_links":{"self":[{"href":"https:\/\/reclutamiento.speakon.mx\/index.php\/wp-json\/wp\/v2\/pages\/1841","targetHints":{"allow":["GET"]}}],"collection":[{"href":"https:\/\/reclutamiento.speakon.mx\/index.php\/wp-json\/wp\/v2\/pages"}],"about":[{"href":"https:\/\/reclutamiento.speakon.mx\/index.php\/wp-json\/wp\/v2\/types\/page"}],"author":[{"embeddable":true,"href":"https:\/\/reclutamiento.speakon.mx\/index.php\/wp-json\/wp\/v2\/users\/1"}],"replies":[{"embeddable":true,"href":"https:\/\/reclutamiento.speakon.mx\/index.php\/wp-json\/wp\/v2\/comments?post=1841"}],"version-history":[{"count":35,"href":"https:\/\/reclutamiento.speakon.mx\/index.php\/wp-json\/wp\/v2\/pages\/1841\/revisions"}],"predecessor-version":[{"id":17071,"href":"https:\/\/reclutamiento.speakon.mx\/index.php\/wp-json\/wp\/v2\/pages\/1841\/revisions\/17071"}],"wp:attachment":[{"href":"https:\/\/reclutamiento.speakon.mx\/index.php\/wp-json\/wp\/v2\/media?parent=1841"}],"curies":[{"name":"wp","href":"https:\/\/api.w.org\/{rel}","templated":true}]}}